{"id":29,"date":"2022-09-14T09:46:47","date_gmt":"2022-09-14T07:46:47","guid":{"rendered":"https:\/\/mp-n.de\/?page_id=29"},"modified":"2024-05-23T11:30:55","modified_gmt":"2024-05-23T09:30:55","slug":"home","status":"publish","type":"page","link":"https:\/\/mp-n.de\/","title":{"rendered":"Home"},"content":{"rendered":"\t\t<div data-elementor-type=\"wp-page\" data-elementor-id=\"29\" class=\"elementor elementor-29\" data-elementor-post-type=\"page\">\n\t\t\t\t\t\t<section class=\"elementor-section elementor-top-section elementor-element elementor-element-8fa5a6f elementor-section-full_width elementor-section-height-default elementor-section-height-default\" data-id=\"8fa5a6f\" data-element_type=\"section\">\n\t\t\t\t\t\t<div class=\"elementor-container elementor-column-gap-default\">\n\t\t\t\t\t<div class=\"elementor-column elementor-col-100 elementor-top-column elementor-element elementor-element-26bf0cf\" data-id=\"26bf0cf\" data-element_type=\"column\">\n\t\t\t<div class=\"elementor-widget-wrap elementor-element-populated\">\n\t\t\t\t\t\t<div class=\"elementor-element elementor-element-9b60d9d elementor-widget elementor-widget-ucaddon_simple_slider\" data-id=\"9b60d9d\" data-element_type=\"widget\" data-widget_type=\"ucaddon_simple_slider.default\">\n\t\t\t\t<div class=\"elementor-widget-container\">\n\t\t\t\n<!-- start Simple Slider -->\n\t\t<link id='font-awesome-css' href='https:\/\/mp-n.de\/wp-content\/plugins\/unlimited-elements-for-elementor\/assets_libraries\/font-awesome6\/fontawesome-all.min.css' type='text\/css' rel='stylesheet' >\n\t\t<link id='font-awesome-4-shim-css' href='https:\/\/mp-n.de\/wp-content\/plugins\/unlimited-elements-for-elementor\/assets_libraries\/font-awesome6\/fontawesome-v4-shims.min.css' type='text\/css' rel='stylesheet' >\n\t\t<link id='uc_ac_assets_file_slick_css_1729-css' href='https:\/\/mp-n.de\/wp-content\/uploads\/ac_assets\/simple_animated_slider\/slick.css' type='text\/css' rel='stylesheet' >\n\n<style>\/* widget: Simple Slider *\/\n\n#uc_simple_slider_elementor_9b60d9d .elementor-section{\n  left: 0 !important;\n}\n\n#uc_simple_slider_elementor_9b60d9d\n{\n  overflow:hidden;\n  direction:ltr;\n}\n#uc_simple_slider_elementor_9b60d9d .ue_slide {\n  position: relative;\n}\n#uc_simple_slider_elementor_9b60d9d .slide__img {\n  width: 100%;\n  height: auto;\n  overflow: hidden;\n}\n\n#uc_simple_slider_elementor_9b60d9d .slide__img img {\n  max-width: 100%;\n  height: auto;\n  opacity: 1 !important;          \n  animation-duration: 3s;\n  transition: all 1s ease;\n}\n#uc_simple_slider_elementor_9b60d9d .slide__content {\n  position: absolute;\n  top: 50%;\n  left: 50%;\n  transform: translate(-50%, -50%);\n}\n#uc_simple_slider_elementor_9b60d9d .slide__content--headings {\n  text-align: center;\n  color: #FFF;\n}\n#uc_simple_slider_elementor_9b60d9d .slide__content--headings h2 {\n}\n#uc_simple_slider_elementor_9b60d9d .slide__content--headings .animated {\n  transition: all 0.5s ease;\n}\n.ue_simple_slider_title\n{\n  font-size:26px;\n}\n\n#uc_simple_slider_elementor_9b60d9d .ue_simple_slider_button a{\n\n  display:inline-block;\n  text-align:center;\n  text-decoration:none;\n}  \n\n\n#uc_simple_slider_elementor_9b60d9d .slick-prev{\n    position:absolute;\n    left:30px;\n    display:flex !important;\n    align-items:center;\n    justify-content:center;\n    text-align:center;\n    z-index:101;\n    border:none;\n    outline:none;\n}\n#uc_simple_slider_elementor_9b60d9d .slick-next{\n  position:absolute;\n  right:30px;\n  display:flex !important;\n  align-items:center;\n    justify-content:center;\n  text-align:center;\n  z-index:101;\n  border:none;\n  outline:none;\n}\n\n#uc_simple_slider_elementor_9b60d9d .ue_slide_overlay\n{\n  position:absolute;\n  top:0;\n  bottom:0;\n  left:0;\n  right:0;\n}\n\n#uc_simple_slider_elementor_9b60d9d .ue_slide_link_overlay\n{\n  position:absolute;\n  top:0;\n  bottom:0;\n  left:0;\n  right:0;\n  display:block;\n  z-index:1;\n}\n\n.slick-dotted.slick-slider\n{\n  margin-bottom:0px !important;\n}\n\n\n\n\n.slick-dots {\n  position: absolute;\n  list-style: none;\n  display: block;\n  text-align: center;\n  padding: 0;\n  margin: 0;\n  width: 100%;\n  z-index:2;\n}\n.slick-dots li {\n  position: relative;\n  display: inline-block;\n  margin: 0 5px;\n  padding: 0;\n  cursor: pointer;\n}\n.slick-dots li button {\n  border: 0;\n  display: block;\n  outline: none;\n  line-height: 0px;\n  font-size: 0px;\n  color: transparent;\n  padding: 5px;\n  cursor: pointer;\n  transition: all 0.3s ease;\n}\n.slick-dots li button:hover,\n.slick-dots li button:focus {\n  outline: none;\n}\n.simple-dots .slick-dots li {\n\n}\n.simple-dots .slick-dots li button {\n  border-radius: 50%;\n}\n\n.stick-dots .slick-dots li button {\n  position: relative;\n  padding: 0;\n}\n\n<\/style>\n\n<div class=\"ue_slider stick-dots\" id=\"uc_simple_slider_elementor_9b60d9d\" >\n    <div class=\"ue_slide\" style=\"background-image:url(https:\/\/mp-n.de\/wp-content\/uploads\/2024\/04\/MPN-Cottbus-Rechtsanwaltskanzlei-01.jpg);background-size:cover;background-position:center center;\">\n  <div class=\"ue_slide_overlay\"><\/div>  \n     \n      <div class=\"slide__content\" style=\"position:relative; z-index:1;\">\n        <div class=\"slide__content--headings\">\n           <div class=\"ue_simple_slider_title\">MP.N<\/div>           <div class=\"ue_simple_slider_text\">Rechtsanw\u00e4lte<\/div>                   <\/div>\n      <\/div>\n          \n<\/div>\n<div class=\"ue_slide\" style=\"background-image:url(https:\/\/mp-n.de\/wp-content\/uploads\/2024\/04\/MPN-Cottbus-Rechtsanwaltskanzlei-02.jpg);background-size:cover;background-position:center center;\">\n  <div class=\"ue_slide_overlay\"><\/div>  \n     \n      <div class=\"slide__content\" style=\"position:relative; z-index:1;\">\n        <div class=\"slide__content--headings\">\n           <div class=\"ue_simple_slider_title\">MP.N<\/div>           <div class=\"ue_simple_slider_text\">Rechtsanw\u00e4lte<\/div>                   <\/div>\n      <\/div>\n          \n<\/div>\n<div class=\"ue_slide\" style=\"background-image:url(https:\/\/mp-n.de\/wp-content\/uploads\/2024\/04\/MPN-Cottbus-Rechtsanwaltskanzlei-03.jpg);background-size:cover;background-position:center center;\">\n  <div class=\"ue_slide_overlay\"><\/div>  \n     \n      <div class=\"slide__content\" style=\"position:relative; z-index:1;\">\n        <div class=\"slide__content--headings\">\n           <div class=\"ue_simple_slider_title\">MP.N<\/div>           <div class=\"ue_simple_slider_text\">Rechtsanw\u00e4lte<\/div>                   <\/div>\n      <\/div>\n          \n<\/div>\n<div class=\"ue_slide\" style=\"background-image:url(https:\/\/mp-n.de\/wp-content\/uploads\/2024\/04\/MPN-Cottbus-Rechtsanwaltskanzlei-Herr-Maier-Peveling.jpg);background-size:cover;background-position:center center;\">\n  <div class=\"ue_slide_overlay\"><\/div>  \n     \n      <div class=\"slide__content\" style=\"position:relative; z-index:1;\">\n        <div class=\"slide__content--headings\">\n           <div class=\"ue_simple_slider_title\">MP.N<\/div>           <div class=\"ue_simple_slider_text\">Rechtsanw\u00e4lte<\/div>                   <\/div>\n      <\/div>\n          \n<\/div>\n<div class=\"ue_slide\" style=\"background-image:url(https:\/\/mp-n.de\/wp-content\/uploads\/2024\/04\/MPN-Cottbus-Rechtsanwaltskanzlei-Herr-Newi.jpg);background-size:cover;background-position:center center;\">\n  <div class=\"ue_slide_overlay\"><\/div>  \n     \n      <div class=\"slide__content\" style=\"position:relative; z-index:1;\">\n        <div class=\"slide__content--headings\">\n           <div class=\"ue_simple_slider_title\">MP.N<\/div>           <div class=\"ue_simple_slider_text\">Rechtsanw\u00e4lte<\/div>                   <\/div>\n      <\/div>\n          \n<\/div>\n<div class=\"ue_slide\" style=\"background-image:url(https:\/\/mp-n.de\/wp-content\/uploads\/2024\/04\/MPN-Cottbus-Rechtsanwaltskanzlei-Frau-Schwarzer.jpg);background-size:cover;background-position:center center;\">\n  <div class=\"ue_slide_overlay\"><\/div>  \n     \n      <div class=\"slide__content\" style=\"position:relative; z-index:1;\">\n        <div class=\"slide__content--headings\">\n           <div class=\"ue_simple_slider_title\">MP.N<\/div>           <div class=\"ue_simple_slider_text\">Rechtsanw\u00e4lte<\/div>                   <\/div>\n      <\/div>\n          \n<\/div>\n\n<\/div>\n<!-- end Simple Slider -->\t\t<\/div>\n\t\t\t\t<\/div>\n\t\t\t\t\t<\/div>\n\t\t<\/div>\n\t\t\t\t\t<\/div>\n\t\t<\/section>\n\t\t\t\t<section class=\"elementor-section elementor-top-section elementor-element elementor-element-afcea31 elementor-section-full_width elementor-section-height-default elementor-section-height-default\" data-id=\"afcea31\" data-element_type=\"section\" data-settings=\"{&quot;background_background&quot;:&quot;classic&quot;}\">\n\t\t\t\t\t\t<div class=\"elementor-container elementor-column-gap-default\">\n\t\t\t\t\t<div class=\"elementor-column elementor-col-100 elementor-top-column elementor-element elementor-element-bd81d24\" data-id=\"bd81d24\" data-element_type=\"column\">\n\t\t\t<div class=\"elementor-widget-wrap elementor-element-populated\">\n\t\t\t\t\t\t<div class=\"elementor-element elementor-element-7d4f3ab elementor-widget elementor-widget-text-editor\" data-id=\"7d4f3ab\" data-element_type=\"widget\" data-widget_type=\"text-editor.default\">\n\t\t\t\t<div class=\"elementor-widget-container\">\n\t\t\t<style>\/*! elementor - v3.21.0 - 22-05-2024 *\/\n.elementor-widget-text-editor.elementor-drop-cap-view-stacked .elementor-drop-cap{background-color:#69727d;color:#fff}.elementor-widget-text-editor.elementor-drop-cap-view-framed .elementor-drop-cap{color:#69727d;border:3px solid;background-color:transparent}.elementor-widget-text-editor:not(.elementor-drop-cap-view-default) .elementor-drop-cap{margin-top:8px}.elementor-widget-text-editor:not(.elementor-drop-cap-view-default) .elementor-drop-cap-letter{width:1em;height:1em}.elementor-widget-text-editor .elementor-drop-cap{float:left;text-align:center;line-height:1;font-size:50px}.elementor-widget-text-editor .elementor-drop-cap-letter{display:inline-block}<\/style>\t\t\t\t<h1>Willkommen bei <span class=\"trenda\">MP.N<\/span><\/h1>\t\t\t\t\t\t<\/div>\n\t\t\t\t<\/div>\n\t\t\t\t<div class=\"elementor-element elementor-element-cc7725a elementor-widget elementor-widget-spacer\" data-id=\"cc7725a\" data-element_type=\"widget\" data-widget_type=\"spacer.default\">\n\t\t\t\t<div class=\"elementor-widget-container\">\n\t\t\t<style>\/*! elementor - v3.21.0 - 22-05-2024 *\/\n.elementor-column .elementor-spacer-inner{height:var(--spacer-size)}.e-con{--container-widget-width:100%}.e-con-inner>.elementor-widget-spacer,.e-con>.elementor-widget-spacer{width:var(--container-widget-width,var(--spacer-size));--align-self:var(--container-widget-align-self,initial);--flex-shrink:0}.e-con-inner>.elementor-widget-spacer>.elementor-widget-container,.e-con>.elementor-widget-spacer>.elementor-widget-container{height:100%;width:100%}.e-con-inner>.elementor-widget-spacer>.elementor-widget-container>.elementor-spacer,.e-con>.elementor-widget-spacer>.elementor-widget-container>.elementor-spacer{height:100%}.e-con-inner>.elementor-widget-spacer>.elementor-widget-container>.elementor-spacer>.elementor-spacer-inner,.e-con>.elementor-widget-spacer>.elementor-widget-container>.elementor-spacer>.elementor-spacer-inner{height:var(--container-widget-height,var(--spacer-size))}.e-con-inner>.elementor-widget-spacer.elementor-widget-empty,.e-con>.elementor-widget-spacer.elementor-widget-empty{position:relative;min-height:22px;min-width:22px}.e-con-inner>.elementor-widget-spacer.elementor-widget-empty .elementor-widget-empty-icon,.e-con>.elementor-widget-spacer.elementor-widget-empty .elementor-widget-empty-icon{position:absolute;top:0;bottom:0;left:0;right:0;margin:auto;padding:0;width:22px;height:22px}<\/style>\t\t<div class=\"elementor-spacer\">\n\t\t\t<div class=\"elementor-spacer-inner\"><\/div>\n\t\t<\/div>\n\t\t\t\t<\/div>\n\t\t\t\t<\/div>\n\t\t\t\t<div class=\"elementor-element elementor-element-ddcfcdb elementor-widget elementor-widget-text-editor\" data-id=\"ddcfcdb\" data-element_type=\"widget\" data-widget_type=\"text-editor.default\">\n\t\t\t\t<div class=\"elementor-widget-container\">\n\t\t\t\t\t\t\t<p>MP.N ist die Ausgr\u00fcndung der am Standort Cottbus arbeitenden Rechtsanw\u00e4lte Dieter Maier-Peveling und Falk Newi aus der \u00fcberregional t\u00e4tigen Anwaltskanzlei CBH. Ab dem Jahr 2019 werden alle laufenden Mandate eigenst\u00e4ndig weitergef\u00fchrt. Wir bieten Ihnen weiterhin bestm\u00f6gliche juristische Leistungen verbunden mit Effizienz, Schnelligkeit und Flexibilit\u00e4t einer mittelst\u00e4ndischen Soziet\u00e4t. Da wir seit 1991 in Cottbus ans\u00e4ssig sind, k\u00f6nnen wir auf Jahrzehnte bestehende Mandatsbeziehungen in der gesamten Lausitz zur\u00fcckblicken.<\/p><p>Uns geht es nicht um die Erledigung schneller Einzelmandate, sondern um eine langfristige Zusammenarbeit mit \u2013 und den nachhaltigen Erfolg f\u00fcr &#8211; unserer Mandantschaft. Aufgrund unserer schlanken Strukturen und fach\u00fcbergreifenden Expertise setzen wir uns in allen Lagen gern und engagiert f\u00fcr Ihr Recht ein.<\/p>\t\t\t\t\t\t<\/div>\n\t\t\t\t<\/div>\n\t\t\t\t\t<\/div>\n\t\t<\/div>\n\t\t\t\t\t<\/div>\n\t\t<\/section>\n\t\t\t\t<section class=\"elementor-section elementor-top-section elementor-element elementor-element-c78e6dc elementor-section-full_width elementor-section-content-middle elementor-section-height-default elementor-section-height-default\" data-id=\"c78e6dc\" data-element_type=\"section\">\n\t\t\t\t\t\t<div class=\"elementor-container elementor-column-gap-default\">\n\t\t\t\t\t<div class=\"elementor-column elementor-col-50 elementor-top-column elementor-element elementor-element-bc977a4\" data-id=\"bc977a4\" data-element_type=\"column\" data-settings=\"{&quot;background_background&quot;:&quot;classic&quot;}\">\n\t\t\t<div class=\"elementor-widget-wrap elementor-element-populated\">\n\t\t\t\t\t\t<div class=\"elementor-element elementor-element-8a912e5 elementor-widget elementor-widget-spacer\" data-id=\"8a912e5\" data-element_type=\"widget\" data-widget_type=\"spacer.default\">\n\t\t\t\t<div class=\"elementor-widget-container\">\n\t\t\t\t\t<div class=\"elementor-spacer\">\n\t\t\t<div class=\"elementor-spacer-inner\"><\/div>\n\t\t<\/div>\n\t\t\t\t<\/div>\n\t\t\t\t<\/div>\n\t\t\t\t\t<\/div>\n\t\t<\/div>\n\t\t\t\t<div class=\"elementor-column elementor-col-50 elementor-top-column elementor-element elementor-element-f6e0138\" data-id=\"f6e0138\" data-element_type=\"column\">\n\t\t\t<div class=\"elementor-widget-wrap elementor-element-populated\">\n\t\t\t\t\t\t<div class=\"elementor-element elementor-element-b39da47 elementor-widget elementor-widget-text-editor\" data-id=\"b39da47\" data-element_type=\"widget\" data-widget_type=\"text-editor.default\">\n\t\t\t\t<div class=\"elementor-widget-container\">\n\t\t\t\t\t\t\t<h2><span class=\"trenda\">MP.N<\/span> \u2013 AN IHRER SEITE<\/h2>\t\t\t\t\t\t<\/div>\n\t\t\t\t<\/div>\n\t\t\t\t<div class=\"elementor-element elementor-element-ea78825 elementor-widget elementor-widget-spacer\" data-id=\"ea78825\" data-element_type=\"widget\" data-widget_type=\"spacer.default\">\n\t\t\t\t<div class=\"elementor-widget-container\">\n\t\t\t\t\t<div class=\"elementor-spacer\">\n\t\t\t<div class=\"elementor-spacer-inner\"><\/div>\n\t\t<\/div>\n\t\t\t\t<\/div>\n\t\t\t\t<\/div>\n\t\t\t\t<div class=\"elementor-element elementor-element-f194989 elementor-widget elementor-widget-text-editor\" data-id=\"f194989\" data-element_type=\"widget\" data-widget_type=\"text-editor.default\">\n\t\t\t\t<div class=\"elementor-widget-container\">\n\t\t\t\t\t\t\t<p>Die Wahrung Ihrer Interessen ist unsere oberste Priorit\u00e4t. Dabei ist es f\u00fcr uns Herausforderung und Ansporn zugleich, den bestm\u00f6glichen juristischen Weg f\u00fcr Sie zu finden, ohne die wirtschaftliche Seite au\u00dfer Acht zu lassen. Wir betrachten die Anliegen der Mandanten nicht nur durch die rechtliche Brille der Beh\u00f6rden und Gerichte, sondern schlagen alternative L\u00f6sungswege vor. Unter dieser Pr\u00e4misse beraten und vertreten wir in unterschiedlichen Fachbereichen eine Vielzahl regional t\u00e4tiger Unternehmen, \u00f6ffentlich-rechtliche K\u00f6rperschaften, Wirtschaftsverb\u00e4nde und Einzelpersonen.<\/p>\t\t\t\t\t\t<\/div>\n\t\t\t\t<\/div>\n\t\t\t\t\t<\/div>\n\t\t<\/div>\n\t\t\t\t\t<\/div>\n\t\t<\/section>\n\t\t\t\t<section class=\"elementor-section elementor-top-section elementor-element elementor-element-a96381f elementor-section-full_width elementor-section-content-middle elementor-section-height-default elementor-section-height-default\" data-id=\"a96381f\" data-element_type=\"section\">\n\t\t\t\t\t\t<div class=\"elementor-container elementor-column-gap-default\">\n\t\t\t\t\t<div class=\"elementor-column elementor-col-50 elementor-top-column elementor-element elementor-element-1b9e126\" data-id=\"1b9e126\" data-element_type=\"column\" data-settings=\"{&quot;background_background&quot;:&quot;classic&quot;}\">\n\t\t\t<div class=\"elementor-widget-wrap elementor-element-populated\">\n\t\t\t\t\t\t<div class=\"elementor-element elementor-element-0cb8348 elementor-widget elementor-widget-text-editor\" data-id=\"0cb8348\" data-element_type=\"widget\" data-widget_type=\"text-editor.default\">\n\t\t\t\t<div class=\"elementor-widget-container\">\n\t\t\t\t\t\t\t<h2>N\u00e4he und Erfahrung, die z\u00e4hlt:<\/h2>\t\t\t\t\t\t<\/div>\n\t\t\t\t<\/div>\n\t\t\t\t<div class=\"elementor-element elementor-element-9dd7337 elementor-widget elementor-widget-spacer\" data-id=\"9dd7337\" data-element_type=\"widget\" data-widget_type=\"spacer.default\">\n\t\t\t\t<div class=\"elementor-widget-container\">\n\t\t\t\t\t<div class=\"elementor-spacer\">\n\t\t\t<div class=\"elementor-spacer-inner\"><\/div>\n\t\t<\/div>\n\t\t\t\t<\/div>\n\t\t\t\t<\/div>\n\t\t\t\t<div class=\"elementor-element elementor-element-53b68eb elementor-widget elementor-widget-text-editor\" data-id=\"53b68eb\" data-element_type=\"widget\" data-widget_type=\"text-editor.default\">\n\t\t\t\t<div class=\"elementor-widget-container\">\n\t\t\t\t\t\t\t<p>Unsere Wurzeln liegen bei strategischen Fragestellungen des Zivil- und Wirtschaftsrechts. In diesem Bereich \u00fcbernehmen wir regelm\u00e4\u00dfig die umfassende und dauerhafte Betreuung von projektbezogenen Mandaten. Wir entwickeln aufgrund unserer nachhaltigen Mandatsbeziehungen langfristige Strategien, erarbeiten Vertragskonzepte, f\u00fchren Verhandlungen und vertreten unsere Mandanten in beh\u00f6rdlichen, gerichtlichen und schiedsgerichtlichen Verfahren.<\/p><p>Durch unser hohes Ma\u00df an Spezialisierung ist eine z\u00fcgige Bearbeitung der Mandate \u2013 auch rechtsgebiets\u00fcbergreifend \u2013 gew\u00e4hrleistet. Zahlreiche, schon seit Jahrzehnten bestehende Mandatsbeziehungen belegen, dass unser anwaltlicher Erfolg auf Vertrauen beruht. Deshalb ist es Kern unserer Philosophie, jeden einzelnen Mandanten pers\u00f6nlich, kompetent und nachhaltig zu beraten und l\u00f6sungsorientiert zu begleiten.<\/p>\t\t\t\t\t\t<\/div>\n\t\t\t\t<\/div>\n\t\t\t\t\t<\/div>\n\t\t<\/div>\n\t\t\t\t<div class=\"elementor-column elementor-col-50 elementor-top-column elementor-element elementor-element-473961f\" data-id=\"473961f\" data-element_type=\"column\" data-settings=\"{&quot;background_background&quot;:&quot;classic&quot;}\">\n\t\t\t<div class=\"elementor-widget-wrap elementor-element-populated\">\n\t\t\t\t\t<div class=\"elementor-background-overlay\"><\/div>\n\t\t\t\t\t\t<div class=\"elementor-element elementor-element-a8ebc2c elementor-widget elementor-widget-text-editor\" data-id=\"a8ebc2c\" data-element_type=\"widget\" data-widget_type=\"text-editor.default\">\n\t\t\t\t<div class=\"elementor-widget-container\">\n\t\t\t\t\t\t\t<h2>Kanzlei \/ Rechtsanw\u00e4lte<\/h2>\t\t\t\t\t\t<\/div>\n\t\t\t\t<\/div>\n\t\t\t\t<section class=\"elementor-section elementor-inner-section elementor-element elementor-element-e8daf8a elementor-section-boxed elementor-section-height-default elementor-section-height-default\" data-id=\"e8daf8a\" data-element_type=\"section\">\n\t\t\t\t\t\t<div class=\"elementor-container elementor-column-gap-default\">\n\t\t\t\t\t<div class=\"elementor-column elementor-col-50 elementor-inner-column elementor-element elementor-element-2d8d7b2\" data-id=\"2d8d7b2\" data-element_type=\"column\">\n\t\t\t<div class=\"elementor-widget-wrap elementor-element-populated\">\n\t\t\t\t\t\t<div class=\"elementor-element elementor-element-ccc28a5 elementor-widget elementor-widget-spacer\" data-id=\"ccc28a5\" data-element_type=\"widget\" data-widget_type=\"spacer.default\">\n\t\t\t\t<div class=\"elementor-widget-container\">\n\t\t\t\t\t<div class=\"elementor-spacer\">\n\t\t\t<div class=\"elementor-spacer-inner\"><\/div>\n\t\t<\/div>\n\t\t\t\t<\/div>\n\t\t\t\t<\/div>\n\t\t\t\t\t<\/div>\n\t\t<\/div>\n\t\t\t\t<div class=\"elementor-column elementor-col-50 elementor-inner-column elementor-element elementor-element-b98ec8f\" data-id=\"b98ec8f\" data-element_type=\"column\">\n\t\t\t<div class=\"elementor-widget-wrap\">\n\t\t\t\t\t\t\t<\/div>\n\t\t<\/div>\n\t\t\t\t\t<\/div>\n\t\t<\/section>\n\t\t\t\t<div class=\"elementor-element elementor-element-3726f5a elementor-widget elementor-widget-text-editor\" data-id=\"3726f5a\" data-element_type=\"widget\" data-widget_type=\"text-editor.default\">\n\t\t\t\t<div class=\"elementor-widget-container\">\n\t\t\t\t\t\t\t<p>Einen k\u00fchlen Kopf zu bewahren in schwierigen Situationen \u2013 das erfordert einen durchsetzungsstarken, engagierten und entschlossenen Partner an Ihrer Seite!<\/p>\t\t\t\t\t\t<\/div>\n\t\t\t\t<\/div>\n\t\t\t\t\t<\/div>\n\t\t<\/div>\n\t\t\t\t\t<\/div>\n\t\t<\/section>\n\t\t\t\t<\/div>\n\t\t","protected":false},"excerpt":{"rendered":"<p>MP.N Rechtsanw\u00e4lte MP.N Rechtsanw\u00e4lte MP.N Rechtsanw\u00e4lte MP.N Rechtsanw\u00e4lte MP.N Rechtsanw\u00e4lte MP.N Rechtsanw\u00e4lte Willkommen bei MP.N MP.N ist die Ausgr\u00fcndung der am Standort Cottbus arbeitenden Rechtsanw\u00e4lte Dieter Maier-Peveling und Falk Newi aus der \u00fcberregional t\u00e4tigen Anwaltskanzlei CBH. Ab dem Jahr 2019 werden alle laufenden Mandate eigenst\u00e4ndig weitergef\u00fchrt. Wir bieten Ihnen weiterhin bestm\u00f6gliche juristische Leistungen verbunden mit [&hellip;]<\/p>\n","protected":false},"author":1,"featured_media":0,"parent":0,"menu_order":0,"comment_status":"closed","ping_status":"closed","template":"","meta":{"inline_featured_image":false,"footnotes":""},"class_list":["post-29","page","type-page","status-publish","hentry"],"_links":{"self":[{"href":"https:\/\/mp-n.de\/index.php\/wp-json\/wp\/v2\/pages\/29"}],"collection":[{"href":"https:\/\/mp-n.de\/index.php\/wp-json\/wp\/v2\/pages"}],"about":[{"href":"https:\/\/mp-n.de\/index.php\/wp-json\/wp\/v2\/types\/page"}],"author":[{"embeddable":true,"href":"https:\/\/mp-n.de\/index.php\/wp-json\/wp\/v2\/users\/1"}],"replies":[{"embeddable":true,"href":"https:\/\/mp-n.de\/index.php\/wp-json\/wp\/v2\/comments?post=29"}],"version-history":[{"count":106,"href":"https:\/\/mp-n.de\/index.php\/wp-json\/wp\/v2\/pages\/29\/revisions"}],"predecessor-version":[{"id":325,"href":"https:\/\/mp-n.de\/index.php\/wp-json\/wp\/v2\/pages\/29\/revisions\/325"}],"wp:attachment":[{"href":"https:\/\/mp-n.de\/index.php\/wp-json\/wp\/v2\/media?parent=29"}],"curies":[{"name":"wp","href":"https:\/\/api.w.org\/{rel}","templated":true}]}}