{"id":195,"date":"2022-09-14T13:36:12","date_gmt":"2022-09-14T11:36:12","guid":{"rendered":"https:\/\/mp-n.de\/?page_id=195"},"modified":"2024-05-29T11:16:34","modified_gmt":"2024-05-29T09:16:34","slug":"impressum","status":"publish","type":"page","link":"https:\/\/mp-n.de\/index.php\/impressum\/","title":{"rendered":"Impressum"},"content":{"rendered":"\t\t<div data-elementor-type=\"wp-page\" data-elementor-id=\"195\" class=\"elementor elementor-195\" data-elementor-post-type=\"page\">\n\t\t\t\t\t\t<section class=\"elementor-section elementor-top-section elementor-element elementor-element-afcea31 elementor-section-full_width elementor-section-height-default elementor-section-height-default\" data-id=\"afcea31\" data-element_type=\"section\" data-settings=\"{&quot;background_background&quot;:&quot;classic&quot;}\">\n\t\t\t\t\t\t<div class=\"elementor-container elementor-column-gap-default\">\n\t\t\t\t\t<div class=\"elementor-column elementor-col-100 elementor-top-column elementor-element elementor-element-bd81d24\" data-id=\"bd81d24\" data-element_type=\"column\">\n\t\t\t<div class=\"elementor-widget-wrap elementor-element-populated\">\n\t\t\t\t\t\t<div class=\"elementor-element elementor-element-7d4f3ab elementor-widget elementor-widget-text-editor\" data-id=\"7d4f3ab\" data-element_type=\"widget\" data-widget_type=\"text-editor.default\">\n\t\t\t\t<div class=\"elementor-widget-container\">\n\t\t\t<style>\/*! elementor - v3.21.0 - 22-05-2024 *\/\n.elementor-widget-text-editor.elementor-drop-cap-view-stacked .elementor-drop-cap{background-color:#69727d;color:#fff}.elementor-widget-text-editor.elementor-drop-cap-view-framed .elementor-drop-cap{color:#69727d;border:3px solid;background-color:transparent}.elementor-widget-text-editor:not(.elementor-drop-cap-view-default) .elementor-drop-cap{margin-top:8px}.elementor-widget-text-editor:not(.elementor-drop-cap-view-default) .elementor-drop-cap-letter{width:1em;height:1em}.elementor-widget-text-editor .elementor-drop-cap{float:left;text-align:center;line-height:1;font-size:50px}.elementor-widget-text-editor .elementor-drop-cap-letter{display:inline-block}<\/style>\t\t\t\t<h1>Impressum<\/h1>\t\t\t\t\t\t<\/div>\n\t\t\t\t<\/div>\n\t\t\t\t<div class=\"elementor-element elementor-element-9429aac elementor-widget-divider--view-line elementor-widget elementor-widget-divider\" data-id=\"9429aac\" data-element_type=\"widget\" data-widget_type=\"divider.default\">\n\t\t\t\t<div class=\"elementor-widget-container\">\n\t\t\t<style>\/*! elementor - v3.21.0 - 22-05-2024 *\/\n.elementor-widget-divider{--divider-border-style:none;--divider-border-width:1px;--divider-color:#0c0d0e;--divider-icon-size:20px;--divider-element-spacing:10px;--divider-pattern-height:24px;--divider-pattern-size:20px;--divider-pattern-url:none;--divider-pattern-repeat:repeat-x}.elementor-widget-divider .elementor-divider{display:flex}.elementor-widget-divider .elementor-divider__text{font-size:15px;line-height:1;max-width:95%}.elementor-widget-divider .elementor-divider__element{margin:0 var(--divider-element-spacing);flex-shrink:0}.elementor-widget-divider .elementor-icon{font-size:var(--divider-icon-size)}.elementor-widget-divider .elementor-divider-separator{display:flex;margin:0;direction:ltr}.elementor-widget-divider--view-line_icon .elementor-divider-separator,.elementor-widget-divider--view-line_text .elementor-divider-separator{align-items:center}.elementor-widget-divider--view-line_icon .elementor-divider-separator:after,.elementor-widget-divider--view-line_icon .elementor-divider-separator:before,.elementor-widget-divider--view-line_text .elementor-divider-separator:after,.elementor-widget-divider--view-line_text .elementor-divider-separator:before{display:block;content:\"\";border-block-end:0;flex-grow:1;border-block-start:var(--divider-border-width) var(--divider-border-style) var(--divider-color)}.elementor-widget-divider--element-align-left .elementor-divider .elementor-divider-separator>.elementor-divider__svg:first-of-type{flex-grow:0;flex-shrink:100}.elementor-widget-divider--element-align-left .elementor-divider-separator:before{content:none}.elementor-widget-divider--element-align-left .elementor-divider__element{margin-left:0}.elementor-widget-divider--element-align-right .elementor-divider .elementor-divider-separator>.elementor-divider__svg:last-of-type{flex-grow:0;flex-shrink:100}.elementor-widget-divider--element-align-right .elementor-divider-separator:after{content:none}.elementor-widget-divider--element-align-right .elementor-divider__element{margin-right:0}.elementor-widget-divider--element-align-start .elementor-divider .elementor-divider-separator>.elementor-divider__svg:first-of-type{flex-grow:0;flex-shrink:100}.elementor-widget-divider--element-align-start .elementor-divider-separator:before{content:none}.elementor-widget-divider--element-align-start .elementor-divider__element{margin-inline-start:0}.elementor-widget-divider--element-align-end .elementor-divider .elementor-divider-separator>.elementor-divider__svg:last-of-type{flex-grow:0;flex-shrink:100}.elementor-widget-divider--element-align-end .elementor-divider-separator:after{content:none}.elementor-widget-divider--element-align-end .elementor-divider__element{margin-inline-end:0}.elementor-widget-divider:not(.elementor-widget-divider--view-line_text):not(.elementor-widget-divider--view-line_icon) .elementor-divider-separator{border-block-start:var(--divider-border-width) var(--divider-border-style) var(--divider-color)}.elementor-widget-divider--separator-type-pattern{--divider-border-style:none}.elementor-widget-divider--separator-type-pattern.elementor-widget-divider--view-line .elementor-divider-separator,.elementor-widget-divider--separator-type-pattern:not(.elementor-widget-divider--view-line) .elementor-divider-separator:after,.elementor-widget-divider--separator-type-pattern:not(.elementor-widget-divider--view-line) .elementor-divider-separator:before,.elementor-widget-divider--separator-type-pattern:not([class*=elementor-widget-divider--view]) .elementor-divider-separator{width:100%;min-height:var(--divider-pattern-height);-webkit-mask-size:var(--divider-pattern-size) 100%;mask-size:var(--divider-pattern-size) 100%;-webkit-mask-repeat:var(--divider-pattern-repeat);mask-repeat:var(--divider-pattern-repeat);background-color:var(--divider-color);-webkit-mask-image:var(--divider-pattern-url);mask-image:var(--divider-pattern-url)}.elementor-widget-divider--no-spacing{--divider-pattern-size:auto}.elementor-widget-divider--bg-round{--divider-pattern-repeat:round}.rtl .elementor-widget-divider .elementor-divider__text{direction:rtl}.e-con-inner>.elementor-widget-divider,.e-con>.elementor-widget-divider{width:var(--container-widget-width,100%);--flex-grow:var(--container-widget-flex-grow)}<\/style>\t\t<div class=\"elementor-divider\">\n\t\t\t<span class=\"elementor-divider-separator\">\n\t\t\t\t\t\t<\/span>\n\t\t<\/div>\n\t\t\t\t<\/div>\n\t\t\t\t<\/div>\n\t\t\t\t<div class=\"elementor-element elementor-element-ddcfcdb elementor-widget elementor-widget-text-editor\" data-id=\"ddcfcdb\" data-element_type=\"widget\" data-widget_type=\"text-editor.default\">\n\t\t\t\t<div class=\"elementor-widget-container\">\n\t\t\t\t\t\t\t<h3>Anbieter<\/h3><p>Rechtsanw\u00e4lte<br \/>Dieter Maier-Peveling<\/p>\t\t\t\t\t\t<\/div>\n\t\t\t\t<\/div>\n\t\t\t\t<div class=\"elementor-element elementor-element-0cd9acb elementor-widget elementor-widget-text-editor\" data-id=\"0cd9acb\" data-element_type=\"widget\" data-widget_type=\"text-editor.default\">\n\t\t\t\t<div class=\"elementor-widget-container\">\n\t\t\t\t\t\t\t<h3>Anschrift und Kontaktdaten<\/h3><p>Sandower Stra\u00dfe 17<br \/>03044 Cottbus<\/p><p>Telefon: 03 55 \/ 38 10 20<br \/>Telefax: 03 55 \/ 38 10 250<\/p><p>E-Mail: <a href=\"mailto:sekretariat@mp-n.de\">sekretariat@mp-n.de<\/a><\/p>\t\t\t\t\t\t<\/div>\n\t\t\t\t<\/div>\n\t\t\t\t<div class=\"elementor-element elementor-element-6058e68 elementor-widget elementor-widget-text-editor\" data-id=\"6058e68\" data-element_type=\"widget\" data-widget_type=\"text-editor.default\">\n\t\t\t\t<div class=\"elementor-widget-container\">\n\t\t\t\t\t\t\t<h3>Gesetzliche Berufsbezeichnung <\/h3><p>Der Berufstr\u00e4ger ist als &#8222;Rechtsanwalt&#8220; in der Bundesrepublik Deutschland zugelassen.<\/p>\t\t\t\t\t\t<\/div>\n\t\t\t\t<\/div>\n\t\t\t\t<div class=\"elementor-element elementor-element-149ea6b elementor-widget elementor-widget-text-editor\" data-id=\"149ea6b\" data-element_type=\"widget\" data-widget_type=\"text-editor.default\">\n\t\t\t\t<div class=\"elementor-widget-container\">\n\t\t\t\t\t\t\t<h3>Umsatzsteuer-ID<\/h3><p>DE251826505<\/p>\t\t\t\t\t\t<\/div>\n\t\t\t\t<\/div>\n\t\t\t\t<div class=\"elementor-element elementor-element-5f3191e elementor-widget elementor-widget-text-editor\" data-id=\"5f3191e\" data-element_type=\"widget\" data-widget_type=\"text-editor.default\">\n\t\t\t\t<div class=\"elementor-widget-container\">\n\t\t\t\t\t\t\t<h3>Berufshaftpflichtversicherung<\/h3><p>Allianz Versicherung AG, M\u00fcnchen<\/p>\t\t\t\t\t\t<\/div>\n\t\t\t\t<\/div>\n\t\t\t\t<div class=\"elementor-element elementor-element-c08dec5 elementor-widget elementor-widget-text-editor\" data-id=\"c08dec5\" data-element_type=\"widget\" data-widget_type=\"text-editor.default\">\n\t\t\t\t<div class=\"elementor-widget-container\">\n\t\t\t\t\t\t\t<h3>Berufsrechtliche Aufsichtsbeh\u00f6rde<\/h3><p>Rechtsanwaltskammer des Landes Brandenburg, Grillendamm 2, 14776 Brandenburg an der Havel<br \/>MP.N Rechtsanw\u00e4lte sind in der Bundesrepublik Deutschland zugelassen. Die Berufsbezeichnung \u201eRechtsanwalt\u201c wurde in der Bundesrepublik Deutschland verliehen.<\/p>\t\t\t\t\t\t<\/div>\n\t\t\t\t<\/div>\n\t\t\t\t<div class=\"elementor-element elementor-element-999af36 elementor-widget elementor-widget-text-editor\" data-id=\"999af36\" data-element_type=\"widget\" data-widget_type=\"text-editor.default\">\n\t\t\t\t<div class=\"elementor-widget-container\">\n\t\t\t\t\t\t\t<h3>Berufsrechtliche Regelungen<\/h3><p><strong>Berufsrechtliche Grundlagen der beruflichen T\u00e4tigkeit von MP.N Rechtsanw\u00e4lte bilden insbesondere die nachfolgenden Regelungen:<\/strong><br \/>Bundesrechtsanwaltsordnung (BRAO), Berufsordnung der Rechtsanw\u00e4lte (BORA), Fachanwaltsordnung (FAO), Rechtsanwaltsverg\u00fctungsordnung (RVG), Standesregelung der Rechtsanw\u00e4lte in der Europ\u00e4ischen Gemeinschaft (CCBE-Berufsregeln).<\/p>\t\t\t\t\t\t<\/div>\n\t\t\t\t<\/div>\n\t\t\t\t<div class=\"elementor-element elementor-element-fac515e elementor-widget elementor-widget-text-editor\" data-id=\"fac515e\" data-element_type=\"widget\" data-widget_type=\"text-editor.default\">\n\t\t\t\t<div class=\"elementor-widget-container\">\n\t\t\t\t\t\t\t<p>Vorstehende Vorschriften sowie erg\u00e4nzende berufsrechtliche Informationen sind im Volltext abrufbar auf der Homepage der Bundesrechtsanwaltskammer unter <a href=\"https:\/\/www.brak.de\/\" target=\"_blank\" rel=\"noopener\">https:\/\/www.brak.de\/<\/a> in der Rubrik Berufsrecht.<\/p><p>Rechtsanw\u00e4ltinnen und Rechtanw\u00e4lte sind aufgrund der Bundesrechtsanwaltsordnung verpflichtet, eine Berufshaftpflichtversicherung zu unterhalten. Einzelheiten ergeben sich aus \u00a7\u00a7 51, 51a BRAO. MP.N Rechtsanw\u00e4lte unterhalten eine Berufshaftpflichtversicherung mit weltweitem r\u00e4umlichem Geltungsbereich bei der Allianz Versicherung AG, M\u00fcnchen.<\/p>\t\t\t\t\t\t<\/div>\n\t\t\t\t<\/div>\n\t\t\t\t<div class=\"elementor-element elementor-element-42e782a elementor-widget elementor-widget-text-editor\" data-id=\"42e782a\" data-element_type=\"widget\" data-widget_type=\"text-editor.default\">\n\t\t\t\t<div class=\"elementor-widget-container\">\n\t\t\t\t\t\t\t<p>Bei Streitigkeiten zwischen Rechtsanw\u00e4lten und ihren Auftraggebern besteht auf Antrag die M\u00f6glichkeit der au\u00dfergerichtlichen Streitschlichtung bei der f\u00fcr den jeweiligen Rechtsanwalt zust\u00e4ndigen Rechtsanwaltskammer (\u00a7 73 Abs. 2 Nr. 3, Abs. 5 BRAO). Eine weitere M\u00f6glichkeit der au\u00dfergerichtlichen Streitbeilegung besteht bei der Schlichtungsstelle der Rechtsanwaltschaft (\u00a7 191 f BRAO) bei der Bundesrechtsanwaltskammer.<\/p>\t\t\t\t\t\t<\/div>\n\t\t\t\t<\/div>\n\t\t\t\t<div class=\"elementor-element elementor-element-127ff8f elementor-widget elementor-widget-text-editor\" data-id=\"127ff8f\" data-element_type=\"widget\" data-widget_type=\"text-editor.default\">\n\t\t\t\t<div class=\"elementor-widget-container\">\n\t\t\t\t\t\t\t<h3>Hinweise f\u00fcr Verbraucher zur Streitbeilegung:<\/h3><p>Plattform der EU-Kommission zur Online-Streitbeilegung: <a href=\"https:\/\/ec.europa.eu\/consumers\/odr\/main\/index.cfm?event=main.home2.show&amp;lng=DE\" target=\"_blank\" rel=\"noopener\">https:\/\/ec.europa.eu\/consumers\/odr\/main\/index.cfm?event=main.home2.show&amp;lng=DE<\/a><br \/>Gem\u00e4\u00df \u00a7 36 Verbraucherstreitbeilegungsgesetzes (VSBG) wird auf die Schlichtungsstelle der Rechtsanwaltschaft hingewiesen. Diese ist eine Verbraucherschlichtungsstelle im Sinne des VSBG und vermittelt bei verm\u00f6gensrechtlichen Streitigkeiten zwischen Mandant und Rechtsanwalt.<\/p><p>MP.N Rechtsanw\u00e4lte sind zu einer Teilnahme an einem Streitbeilegungsverfahren im Wege der Online-Streitbeilegung sowie bei der Schlichtungsstelle der Rechtsanwaltschaft weder verpflichtet noch erkl\u00e4ren sich MP.N Rechtsanw\u00e4lte zu einer Teilnahme an einem solchen Verfahren im Vorhinein bereit. Die M\u00f6glichkeit der Streitbeilegung durch eine Verbraucherschlichtungsstelle im Verlauf oder w\u00e4hrend einer konkreten Streitigkeit bei Zustimmung beider Vertragsparteien gem\u00e4\u00df \u00a7 37 VSBG bleibt unber\u00fchrt.<\/p>\t\t\t\t\t\t<\/div>\n\t\t\t\t<\/div>\n\t\t\t\t\t<\/div>\n\t\t<\/div>\n\t\t\t\t\t<\/div>\n\t\t<\/section>\n\t\t\t\t<\/div>\n\t\t","protected":false},"excerpt":{"rendered":"<p>Impressum Anbieter Rechtsanw\u00e4lteDieter Maier-Peveling Anschrift und Kontaktdaten Sandower Stra\u00dfe 1703044 Cottbus Telefon: 03 55 \/ 38 10 20Telefax: 03 55 \/ 38 10 250 E-Mail: sekretariat@mp-n.de Gesetzliche Berufsbezeichnung Der Berufstr\u00e4ger ist als &#8222;Rechtsanwalt&#8220; in der Bundesrepublik Deutschland zugelassen. Umsatzsteuer-ID DE251826505 Berufshaftpflichtversicherung Allianz Versicherung AG, M\u00fcnchen Berufsrechtliche Aufsichtsbeh\u00f6rde Rechtsanwaltskammer des Landes Brandenburg, Grillendamm 2, 14776 Brandenburg [&hellip;]<\/p>\n","protected":false},"author":1,"featured_media":0,"parent":0,"menu_order":0,"comment_status":"closed","ping_status":"closed","template":"","meta":{"inline_featured_image":false,"footnotes":""},"class_list":["post-195","page","type-page","status-publish","hentry"],"_links":{"self":[{"href":"https:\/\/mp-n.de\/index.php\/wp-json\/wp\/v2\/pages\/195"}],"collection":[{"href":"https:\/\/mp-n.de\/index.php\/wp-json\/wp\/v2\/pages"}],"about":[{"href":"https:\/\/mp-n.de\/index.php\/wp-json\/wp\/v2\/types\/page"}],"author":[{"embeddable":true,"href":"https:\/\/mp-n.de\/index.php\/wp-json\/wp\/v2\/users\/1"}],"replies":[{"embeddable":true,"href":"https:\/\/mp-n.de\/index.php\/wp-json\/wp\/v2\/comments?post=195"}],"version-history":[{"count":13,"href":"https:\/\/mp-n.de\/index.php\/wp-json\/wp\/v2\/pages\/195\/revisions"}],"predecessor-version":[{"id":342,"href":"https:\/\/mp-n.de\/index.php\/wp-json\/wp\/v2\/pages\/195\/revisions\/342"}],"wp:attachment":[{"href":"https:\/\/mp-n.de\/index.php\/wp-json\/wp\/v2\/media?parent=195"}],"curies":[{"name":"wp","href":"https:\/\/api.w.org\/{rel}","templated":true}]}}